{"id":3127,"date":"2021-05-18T15:52:13","date_gmt":"2021-05-18T15:52:13","guid":{"rendered":"https:\/\/www.quintafinance.com\/artikel\/key-question\/"},"modified":"2023-10-04T11:41:50","modified_gmt":"2023-10-04T11:41:50","slug":"key-question","status":"publish","type":"page","link":"https:\/\/www.quintafinance.com\/de\/artikel\/key-question\/","title":{"rendered":"Key Question"},"content":{"rendered":"\t\t<div data-elementor-type=\"wp-page\" data-elementor-id=\"3127\" class=\"elementor elementor-3127 elementor-480\" data-elementor-post-type=\"page\">\n\t\t\t\t\t\t<section class=\"elementor-section elementor-top-section elementor-element elementor-element-29d0ae9e elementor-section-boxed elementor-section-height-default elementor-section-height-default\" data-id=\"29d0ae9e\" data-element_type=\"section\" data-e-type=\"section\" data-settings=\"{&quot;jet_parallax_layout_list&quot;:[{&quot;jet_parallax_layout_image&quot;:{&quot;url&quot;:&quot;&quot;,&quot;id&quot;:&quot;&quot;,&quot;size&quot;:&quot;&quot;},&quot;_id&quot;:&quot;bd17729&quot;,&quot;jet_parallax_layout_speed&quot;:{&quot;unit&quot;:&quot;%&quot;,&quot;size&quot;:&quot;50&quot;,&quot;sizes&quot;:[]},&quot;jet_parallax_layout_bg_x&quot;:&quot;50&quot;,&quot;jet_parallax_layout_bg_y&quot;:&quot;50&quot;,&quot;jet_parallax_layout_image_tablet&quot;:{&quot;url&quot;:&quot;&quot;,&quot;id&quot;:&quot;&quot;,&quot;size&quot;:&quot;&quot;},&quot;jet_parallax_layout_image_mobile&quot;:{&quot;url&quot;:&quot;&quot;,&quot;id&quot;:&quot;&quot;,&quot;size&quot;:&quot;&quot;},&quot;jet_parallax_layout_type&quot;:&quot;scroll&quot;,&quot;jet_parallax_layout_direction&quot;:&quot;1&quot;,&quot;jet_parallax_layout_fx_direction&quot;:null,&quot;jet_parallax_layout_z_index&quot;:&quot;&quot;,&quot;jet_parallax_layout_bg_x_tablet&quot;:&quot;&quot;,&quot;jet_parallax_layout_bg_x_mobile&quot;:&quot;&quot;,&quot;jet_parallax_layout_bg_y_tablet&quot;:&quot;&quot;,&quot;jet_parallax_layout_bg_y_mobile&quot;:&quot;&quot;,&quot;jet_parallax_layout_bg_size&quot;:&quot;auto&quot;,&quot;jet_parallax_layout_bg_size_tablet&quot;:&quot;&quot;,&quot;jet_parallax_layout_bg_size_mobile&quot;:&quot;&quot;,&quot;jet_parallax_layout_animation_prop&quot;:&quot;transform&quot;,&quot;jet_parallax_layout_on&quot;:[&quot;desktop&quot;,&quot;tablet&quot;]}],&quot;background_background&quot;:&quot;classic&quot;}\">\n\t\t\t\t\t\t\t<div class=\"elementor-background-overlay\"><\/div>\n\t\t\t\t\t\t\t<div class=\"elementor-container elementor-column-gap-no\">\n\t\t\t\t\t<div class=\"elementor-column elementor-col-50 elementor-top-column elementor-element elementor-element-4924f4d7\" data-id=\"4924f4d7\" data-element_type=\"column\" data-e-type=\"column\">\n\t\t\t<div class=\"elementor-widget-wrap elementor-element-populated\">\n\t\t\t\t\t\t<div class=\"elementor-element elementor-element-437fbe0a elementor-widget elementor-widget-heading\" data-id=\"437fbe0a\" data-element_type=\"widget\" data-e-type=\"widget\" data-widget_type=\"heading.default\">\n\t\t\t\t<div class=\"elementor-widget-container\">\n\t\t\t\t\t<h1 class=\"elementor-heading-title elementor-size-default\">Key Question<\/h1>\t\t\t\t<\/div>\n\t\t\t\t<\/div>\n\t\t\t\t<div class=\"elementor-element elementor-element-6693aadc elementor-widget elementor-widget-text-editor\" data-id=\"6693aadc\" data-element_type=\"widget\" data-e-type=\"widget\" data-widget_type=\"text-editor.default\">\n\t\t\t\t<div class=\"elementor-widget-container\">\n\t\t\t\t\t\t\t\t\t<p>Vergeben die Banken in Portugal immer noch Kredite an Nichtans\u00e4ssige? <br \/>Erfahren Sie es in unserem ersten Artikel.<\/p>\n\t\t\t\t\t\t\t\t<\/div>\n\t\t\t\t<\/div>\n\t\t\t\t\t<\/div>\n\t\t<\/div>\n\t\t\t\t<div class=\"elementor-column elementor-col-50 elementor-top-column elementor-element elementor-element-5cc4dd4e\" data-id=\"5cc4dd4e\" data-element_type=\"column\" data-e-type=\"column\">\n\t\t\t<div class=\"elementor-widget-wrap\">\n\t\t\t\t\t\t\t<\/div>\n\t\t<\/div>\n\t\t\t\t\t<\/div>\n\t\t<\/section>\n\t\t\t\t<section class=\"elementor-section elementor-top-section elementor-element elementor-element-2344d05 elementor-section-boxed elementor-section-height-default elementor-section-height-default\" data-id=\"2344d05\" data-element_type=\"section\" data-e-type=\"section\" data-settings=\"{&quot;jet_parallax_layout_list&quot;:[{&quot;_id&quot;:&quot;b794500&quot;,&quot;jet_parallax_layout_speed&quot;:{&quot;unit&quot;:&quot;%&quot;,&quot;size&quot;:&quot;50&quot;,&quot;sizes&quot;:[]},&quot;jet_parallax_layout_type&quot;:&quot;none&quot;,&quot;jet_parallax_layout_bg_x&quot;:&quot;83&quot;,&quot;jet_parallax_layout_bg_y&quot;:&quot;45&quot;,&quot;jet_parallax_layout_image&quot;:{&quot;url&quot;:&quot;&quot;,&quot;id&quot;:&quot;&quot;,&quot;size&quot;:&quot;&quot;},&quot;jet_parallax_layout_image_tablet&quot;:{&quot;url&quot;:&quot;&quot;,&quot;id&quot;:&quot;&quot;,&quot;size&quot;:&quot;&quot;},&quot;jet_parallax_layout_image_mobile&quot;:{&quot;url&quot;:&quot;&quot;,&quot;id&quot;:&quot;&quot;,&quot;size&quot;:&quot;&quot;},&quot;jet_parallax_layout_direction&quot;:null,&quot;jet_parallax_layout_fx_direction&quot;:null,&quot;jet_parallax_layout_z_index&quot;:&quot;&quot;,&quot;jet_parallax_layout_bg_x_tablet&quot;:&quot;&quot;,&quot;jet_parallax_layout_bg_x_mobile&quot;:&quot;&quot;,&quot;jet_parallax_layout_bg_y_tablet&quot;:&quot;&quot;,&quot;jet_parallax_layout_bg_y_mobile&quot;:&quot;&quot;,&quot;jet_parallax_layout_bg_size&quot;:&quot;auto&quot;,&quot;jet_parallax_layout_bg_size_tablet&quot;:&quot;&quot;,&quot;jet_parallax_layout_bg_size_mobile&quot;:&quot;&quot;,&quot;jet_parallax_layout_animation_prop&quot;:null,&quot;jet_parallax_layout_on&quot;:[&quot;desktop&quot;,&quot;tablet&quot;]}],&quot;background_background&quot;:&quot;classic&quot;}\">\n\t\t\t\t\t\t<div class=\"elementor-container elementor-column-gap-no\">\n\t\t\t\t\t<div class=\"elementor-column elementor-col-50 elementor-top-column elementor-element elementor-element-21ce9f8\" data-id=\"21ce9f8\" data-element_type=\"column\" data-e-type=\"column\">\n\t\t\t<div class=\"elementor-widget-wrap elementor-element-populated\">\n\t\t\t\t\t\t<section class=\"elementor-section elementor-inner-section elementor-element elementor-element-1ed37ad elementor-section-boxed elementor-section-height-default elementor-section-height-default\" data-id=\"1ed37ad\" data-element_type=\"section\" data-e-type=\"section\" data-settings=\"{&quot;jet_parallax_layout_list&quot;:[{&quot;jet_parallax_layout_image&quot;:{&quot;url&quot;:&quot;&quot;,&quot;id&quot;:&quot;&quot;,&quot;size&quot;:&quot;&quot;},&quot;_id&quot;:&quot;0a3680b&quot;,&quot;jet_parallax_layout_speed&quot;:{&quot;unit&quot;:&quot;%&quot;,&quot;size&quot;:&quot;50&quot;,&quot;sizes&quot;:[]},&quot;jet_parallax_layout_bg_x&quot;:&quot;50&quot;,&quot;jet_parallax_layout_bg_y&quot;:&quot;50&quot;,&quot;jet_parallax_layout_image_tablet&quot;:{&quot;url&quot;:&quot;&quot;,&quot;id&quot;:&quot;&quot;,&quot;size&quot;:&quot;&quot;},&quot;jet_parallax_layout_image_mobile&quot;:{&quot;url&quot;:&quot;&quot;,&quot;id&quot;:&quot;&quot;,&quot;size&quot;:&quot;&quot;},&quot;jet_parallax_layout_type&quot;:&quot;scroll&quot;,&quot;jet_parallax_layout_direction&quot;:&quot;1&quot;,&quot;jet_parallax_layout_fx_direction&quot;:null,&quot;jet_parallax_layout_z_index&quot;:&quot;&quot;,&quot;jet_parallax_layout_bg_x_tablet&quot;:&quot;&quot;,&quot;jet_parallax_layout_bg_x_mobile&quot;:&quot;&quot;,&quot;jet_parallax_layout_bg_y_tablet&quot;:&quot;&quot;,&quot;jet_parallax_layout_bg_y_mobile&quot;:&quot;&quot;,&quot;jet_parallax_layout_bg_size&quot;:&quot;auto&quot;,&quot;jet_parallax_layout_bg_size_tablet&quot;:&quot;&quot;,&quot;jet_parallax_layout_bg_size_mobile&quot;:&quot;&quot;,&quot;jet_parallax_layout_animation_prop&quot;:&quot;transform&quot;,&quot;jet_parallax_layout_on&quot;:[&quot;desktop&quot;,&quot;tablet&quot;]}]}\">\n\t\t\t\t\t\t<div class=\"elementor-container elementor-column-gap-no\">\n\t\t\t\t\t<div class=\"elementor-column elementor-col-100 elementor-inner-column elementor-element elementor-element-ca94018\" data-id=\"ca94018\" data-element_type=\"column\" data-e-type=\"column\" data-settings=\"{&quot;background_background&quot;:&quot;classic&quot;}\">\n\t\t\t<div class=\"elementor-widget-wrap elementor-element-populated\">\n\t\t\t\t\t\t<div class=\"elementor-element elementor-element-eabaec7 elementor-align-left width100 elementor-widget__width-inherit elementor-widget elementor-widget-button\" data-id=\"eabaec7\" data-element_type=\"widget\" data-e-type=\"widget\" data-widget_type=\"button.default\">\n\t\t\t\t<div class=\"elementor-widget-container\">\n\t\t\t\t\t\t\t\t\t<div class=\"elementor-button-wrapper\">\n\t\t\t\t\t<a class=\"elementor-button elementor-button-link elementor-size-sm\" href=\"https:\/\/www.quintafinance.com\/de\/artikel\/euro-hypothek\/\">\n\t\t\t\t\t\t<span class=\"elementor-button-content-wrapper\">\n\t\t\t\t\t\t<span class=\"elementor-button-icon\">\n\t\t\t\t<i aria-hidden=\"true\" class=\"fas fa-angle-right\"><\/i>\t\t\t<\/span>\n\t\t\t\t\t\t\t\t\t<span class=\"elementor-button-text\">Euro Hypothek<\/span>\n\t\t\t\t\t<\/span>\n\t\t\t\t\t<\/a>\n\t\t\t\t<\/div>\n\t\t\t\t\t\t\t\t<\/div>\n\t\t\t\t<\/div>\n\t\t\t\t<div class=\"elementor-element elementor-element-0442b64 elementor-align-left width100 elementor-widget__width-inherit elementor-widget elementor-widget-button\" data-id=\"0442b64\" data-element_type=\"widget\" data-e-type=\"widget\" data-widget_type=\"button.default\">\n\t\t\t\t<div class=\"elementor-widget-container\">\n\t\t\t\t\t\t\t\t\t<div class=\"elementor-button-wrapper\">\n\t\t\t\t\t<a class=\"elementor-button elementor-button-link elementor-size-sm\" href=\"https:\/\/www.quintafinance.com\/de\/artikel\/der-zeitpunkt-der-finanzierung\/\">\n\t\t\t\t\t\t<span class=\"elementor-button-content-wrapper\">\n\t\t\t\t\t\t<span class=\"elementor-button-icon\">\n\t\t\t\t<i aria-hidden=\"true\" class=\"fas fa-angle-right\"><\/i>\t\t\t<\/span>\n\t\t\t\t\t\t\t\t\t<span class=\"elementor-button-text\">Der Zeitpunkt der Finanzierung<\/span>\n\t\t\t\t\t<\/span>\n\t\t\t\t\t<\/a>\n\t\t\t\t<\/div>\n\t\t\t\t\t\t\t\t<\/div>\n\t\t\t\t<\/div>\n\t\t\t\t<div class=\"elementor-element elementor-element-7d279f2 elementor-align-left width100 elementor-widget__width-inherit elementor-widget elementor-widget-button\" data-id=\"7d279f2\" data-element_type=\"widget\" data-e-type=\"widget\" data-widget_type=\"button.default\">\n\t\t\t\t<div class=\"elementor-widget-container\">\n\t\t\t\t\t\t\t\t\t<div class=\"elementor-button-wrapper\">\n\t\t\t\t\t<a class=\"elementor-button elementor-button-link elementor-size-sm\" href=\"https:\/\/www.quintafinance.com\/de\/artikel\/variabler-oder-fixer-zinssatz\/\">\n\t\t\t\t\t\t<span class=\"elementor-button-content-wrapper\">\n\t\t\t\t\t\t<span class=\"elementor-button-icon\">\n\t\t\t\t<i aria-hidden=\"true\" class=\"fas fa-angle-right\"><\/i>\t\t\t<\/span>\n\t\t\t\t\t\t\t\t\t<span class=\"elementor-button-text\">Variabler oder fixer Zinssatz<\/span>\n\t\t\t\t\t<\/span>\n\t\t\t\t\t<\/a>\n\t\t\t\t<\/div>\n\t\t\t\t\t\t\t\t<\/div>\n\t\t\t\t<\/div>\n\t\t\t\t<div class=\"elementor-element elementor-element-c1b9ef7 elementor-align-left width100 elementor-widget__width-inherit elementor-widget elementor-widget-button\" data-id=\"c1b9ef7\" data-element_type=\"widget\" data-e-type=\"widget\" data-widget_type=\"button.default\">\n\t\t\t\t<div class=\"elementor-widget-container\">\n\t\t\t\t\t\t\t\t\t<div class=\"elementor-button-wrapper\">\n\t\t\t\t\t<a class=\"elementor-button elementor-button-link elementor-size-sm\" href=\"http:\/\/quintafinance.com\/de\/artikel\/key-question\/\">\n\t\t\t\t\t\t<span class=\"elementor-button-content-wrapper\">\n\t\t\t\t\t\t<span class=\"elementor-button-icon\">\n\t\t\t\t<i aria-hidden=\"true\" class=\"fas fa-angle-right\"><\/i>\t\t\t<\/span>\n\t\t\t\t\t\t\t\t\t<span class=\"elementor-button-text\">Key Question<\/span>\n\t\t\t\t\t<\/span>\n\t\t\t\t\t<\/a>\n\t\t\t\t<\/div>\n\t\t\t\t\t\t\t\t<\/div>\n\t\t\t\t<\/div>\n\t\t\t\t<div class=\"elementor-element elementor-element-1e86114 elementor-align-left width100 elementor-widget__width-inherit elementor-widget elementor-widget-button\" data-id=\"1e86114\" data-element_type=\"widget\" data-e-type=\"widget\" data-widget_type=\"button.default\">\n\t\t\t\t<div class=\"elementor-widget-container\">\n\t\t\t\t\t\t\t\t\t<div class=\"elementor-button-wrapper\">\n\t\t\t\t\t<a class=\"elementor-button elementor-button-link elementor-size-sm\" href=\"https:\/\/www.quintafinance.com\/articles\/non-habitual-residents\/\">\n\t\t\t\t\t\t<span class=\"elementor-button-content-wrapper\">\n\t\t\t\t\t\t<span class=\"elementor-button-icon\">\n\t\t\t\t<i aria-hidden=\"true\" class=\"fas fa-angle-right\"><\/i>\t\t\t<\/span>\n\t\t\t\t\t\t\t\t\t<span class=\"elementor-button-text\">Non habitual residents (NHR)<\/span>\n\t\t\t\t\t<\/span>\n\t\t\t\t\t<\/a>\n\t\t\t\t<\/div>\n\t\t\t\t\t\t\t\t<\/div>\n\t\t\t\t<\/div>\n\t\t\t\t\t<\/div>\n\t\t<\/div>\n\t\t\t\t\t<\/div>\n\t\t<\/section>\n\t\t\t\t\t<\/div>\n\t\t<\/div>\n\t\t\t\t<div class=\"elementor-column elementor-col-50 elementor-top-column elementor-element elementor-element-38c0fd21\" data-id=\"38c0fd21\" data-element_type=\"column\" data-e-type=\"column\">\n\t\t\t<div class=\"elementor-widget-wrap elementor-element-populated\">\n\t\t\t\t\t\t<div class=\"elementor-element elementor-element-93476b5 elementor-widget elementor-widget-heading\" data-id=\"93476b5\" data-element_type=\"widget\" data-e-type=\"widget\" data-widget_type=\"heading.default\">\n\t\t\t\t<div class=\"elementor-widget-container\">\n\t\t\t\t\t<h2 class=\"elementor-heading-title elementor-size-default\">Vergeben die Banken in Portugal Kredite an Nichtans\u00e4ssige?<\/h2>\t\t\t\t<\/div>\n\t\t\t\t<\/div>\n\t\t\t\t<div class=\"elementor-element elementor-element-d78fc0e elementor-widget elementor-widget-text-editor\" data-id=\"d78fc0e\" data-element_type=\"widget\" data-e-type=\"widget\" data-widget_type=\"text-editor.default\">\n\t\t\t\t<div class=\"elementor-widget-container\">\n\t\t\t\t\t\t\t\t\t<p>Wir unterst\u00fctzen ausl\u00e4ndische Immobilienk\u00e4ufer seit 20 Jahren bei der Beantragung einer Hypothek und die Antwort auf diese Frage lautet eindeutig \u201eJa\u201c!<\/p>\n<p>Im Laufe der Jahre haben wir Immobilienk\u00e4ufer aus der ganzen Welt unterst\u00fctzt \u2013 haupts\u00e4chlich europ\u00e4ische, britische, schweizerische, amerikanische und kanadische Staatsangeh\u00f6rige, aber wir haben auch Kunden mit Sitz im Nahen Osten, Singapur, Australien, S\u00fcdafrika, Vietnam und den Bahamas unterst\u00fctzt \u2013 nur um ein paar zu nennen.<\/p>\n<p>Die portugiesischen Banken gew\u00e4hren internationalen Immobilienk\u00e4ufern in der Regel Kredite von 70 \u2013 80 % .<\/p>\n\t\t\t\t\t\t\t\t<\/div>\n\t\t\t\t<\/div>\n\t\t\t\t<div class=\"elementor-element elementor-element-f5cb435 elementor-widget elementor-widget-heading\" data-id=\"f5cb435\" data-element_type=\"widget\" data-e-type=\"widget\" data-widget_type=\"heading.default\">\n\t\t\t\t<div class=\"elementor-widget-container\">\n\t\t\t\t\t<h2 class=\"elementor-heading-title elementor-size-default\">Welche Hypothekenprodukte stehen Zweitwohnungsk\u00e4ufern mit Wohnsitz au\u00dferhalb Portugals zur Verf\u00fcgung?<\/h2>\t\t\t\t<\/div>\n\t\t\t\t<\/div>\n\t\t\t\t<div class=\"elementor-element elementor-element-4ed3dd43 elementor-widget elementor-widget-text-editor\" data-id=\"4ed3dd43\" data-element_type=\"widget\" data-e-type=\"widget\" data-widget_type=\"text-editor.default\">\n\t\t\t\t<div class=\"elementor-widget-container\">\n\t\t\t\t\t\t\t\t\t<p>Nach wie vor dominieren Hypotheken mit monatlicher Kapitaltilgung sowie Hypotheken mit variablem und festem Zinssatz. Man kann sagen, dass \u201eZinshypotheken ohne Tilgung\u201c eine ferne Erinnerung bleiben, die in ein paar Jahren vielleicht wieder auftauchen wird \u2026<\/p>\n<p>Die Berechtigung f\u00fcr eine Hypothek ist eine weitere wichtige Frage. Es ist zwar sch\u00f6n und gut, dass die Banken Hypothekenprodukte anbieten, aber was n\u00fctzt es, wenn die Kriterien f\u00fcr eine Genehmigung unerreichbar erscheinen?<\/p>\n<p>Dies ist ein Bereich, in dem ein guter Hypothekenmakler Sie unterst\u00fctzen kann. Jede Bank hat ihre eigenen Vorlieben und Abneigungen gegen\u00fcber einem Antrag, d. h. einige Banken akzeptieren keine Einzelantr\u00e4ge und andere m\u00f6gen keine Antr\u00e4ge f\u00fcr Selbstst\u00e4ndige, und die Liste geht weiter und weiter \u2026 Die von uns durchgef\u00fchrte Finanzfaktenermittlung ist der Schl\u00fcssel, um dieses Dilemma zu l\u00f6sen und das Herausfiltern der Kreditgeber, die Ihren Antrag einfach nicht einmal ber\u00fccksichtigen w\u00fcrden oder, schlimmer noch, ihn einfach f\u00fcr ein paar Monate in ihrer Schublade lassen w\u00fcrden!!!<\/p>\n<p>Wenn Sie spezifische Informationen zu Hypotheken in Portugal w\u00fcnschen oder ein Angebot erhalten m\u00f6chten, z\u00f6gern Sie bitte nicht <a href=\"https:\/\/www.quintafinance.com\/de\/kontakt\/\" target=\"_blank\" rel=\"noopener\">uns zu kontaktieren<\/a> und wir helfen Ihnen gerne weiter.<\/p>\n<p>M\u00e4rz 2023<\/p>\n\t\t\t\t\t\t\t\t<\/div>\n\t\t\t\t<\/div>\n\t\t\t\t\t<\/div>\n\t\t<\/div>\n\t\t\t\t\t<\/div>\n\t\t<\/section>\n\t\t\t\t<\/div>\n\t\t","protected":false},"excerpt":{"rendered":"<p>Vergeben die Banken in Portugal immer noch Kredite an Nichtans\u00e4ssige? Erfahren Sie es in unserem ersten Artikel. Euro Hypothek Der Zeitpunkt der Finanzierung Variabler oder fixer Zinssatz Key Question Non habitual residents (NHR) Vergeben die Banken in Portugal Kredite an Nichtans\u00e4ssige? Wir unterst\u00fctzen ausl\u00e4ndische Immobilienk\u00e4ufer seit 20 Jahren bei der Beantragung einer Hypothek und die [&hellip;]<\/p>\n","protected":false},"author":1,"featured_media":0,"parent":3091,"menu_order":1,"comment_status":"closed","ping_status":"closed","template":"full-width.php","meta":{"_acf_changed":false,"footnotes":""},"class_list":["post-3127","page","type-page","status-publish","hentry"],"acf":[],"yoast_head":"<!-- This site is optimized with the Yoast SEO plugin v26.9 - https:\/\/yoast.com\/product\/yoast-seo-wordpress\/ -->\n<title>Key Question - Quinta Finance<\/title>\n<meta name=\"description\" content=\"Im Laufe der Jahre haben wir Immobilienk\u00e4ufer aus der ganzen Welt unterst\u00fctzt \u2013 haupts\u00e4chlich Europ\u00e4er, Briten, Schweizer, Amerikaner und Kanadier.\" \/>\n<meta name=\"robots\" content=\"index, follow, max-snippet:-1, max-image-preview:large, max-video-preview:-1\" \/>\n<link rel=\"canonical\" href=\"https:\/\/www.quintafinance.com\/de\/artikel\/key-question\/\" \/>\n<meta property=\"og:locale\" content=\"de_DE\" \/>\n<meta property=\"og:type\" content=\"article\" \/>\n<meta property=\"og:title\" content=\"Key Question - Quinta Finance\" \/>\n<meta property=\"og:description\" content=\"Im Laufe der Jahre haben wir Immobilienk\u00e4ufer aus der ganzen Welt unterst\u00fctzt \u2013 haupts\u00e4chlich Europ\u00e4er, Briten, Schweizer, Amerikaner und Kanadier.\" \/>\n<meta property=\"og:url\" content=\"https:\/\/www.quintafinance.com\/de\/artikel\/key-question\/\" \/>\n<meta property=\"og:site_name\" content=\"Quinta Finance\" \/>\n<meta property=\"article:modified_time\" content=\"2023-10-04T11:41:50+00:00\" \/>\n<meta name=\"twitter:card\" content=\"summary_large_image\" \/>\n<meta name=\"twitter:label1\" content=\"Gesch\u00e4tzte Lesezeit\" \/>\n\t<meta name=\"twitter:data1\" content=\"2\u00a0Minuten\" \/>\n<script type=\"application\/ld+json\" class=\"yoast-schema-graph\">{\"@context\":\"https:\/\/schema.org\",\"@graph\":[{\"@type\":\"WebPage\",\"@id\":\"https:\/\/www.quintafinance.com\/de\/artikel\/key-question\/\",\"url\":\"https:\/\/www.quintafinance.com\/de\/artikel\/key-question\/\",\"name\":\"Key Question - Quinta Finance\",\"isPartOf\":{\"@id\":\"https:\/\/www.quintafinance.com\/#website\"},\"datePublished\":\"2021-05-18T15:52:13+00:00\",\"dateModified\":\"2023-10-04T11:41:50+00:00\",\"description\":\"Im Laufe der Jahre haben wir Immobilienk\u00e4ufer aus der ganzen Welt unterst\u00fctzt \u2013 haupts\u00e4chlich Europ\u00e4er, Briten, Schweizer, Amerikaner und Kanadier.\",\"breadcrumb\":{\"@id\":\"https:\/\/www.quintafinance.com\/de\/artikel\/key-question\/#breadcrumb\"},\"inLanguage\":\"de\",\"potentialAction\":[{\"@type\":\"ReadAction\",\"target\":[\"https:\/\/www.quintafinance.com\/de\/artikel\/key-question\/\"]}]},{\"@type\":\"BreadcrumbList\",\"@id\":\"https:\/\/www.quintafinance.com\/de\/artikel\/key-question\/#breadcrumb\",\"itemListElement\":[{\"@type\":\"ListItem\",\"position\":1,\"name\":\"Home\",\"item\":\"https:\/\/www.quintafinance.com\/de\/\"},{\"@type\":\"ListItem\",\"position\":2,\"name\":\"Artikel\",\"item\":\"https:\/\/www.quintafinance.com\/de\/artikel\/\"},{\"@type\":\"ListItem\",\"position\":3,\"name\":\"Key Question\"}]},{\"@type\":\"WebSite\",\"@id\":\"https:\/\/www.quintafinance.com\/#website\",\"url\":\"https:\/\/www.quintafinance.com\/\",\"name\":\"Quinta Finance\",\"description\":\"Portugal Mortgage Solutions\",\"publisher\":{\"@id\":\"https:\/\/www.quintafinance.com\/#organization\"},\"potentialAction\":[{\"@type\":\"SearchAction\",\"target\":{\"@type\":\"EntryPoint\",\"urlTemplate\":\"https:\/\/www.quintafinance.com\/?s={search_term_string}\"},\"query-input\":{\"@type\":\"PropertyValueSpecification\",\"valueRequired\":true,\"valueName\":\"search_term_string\"}}],\"inLanguage\":\"de\"},{\"@type\":\"Organization\",\"@id\":\"https:\/\/www.quintafinance.com\/#organization\",\"name\":\"Quinta Finance\",\"url\":\"https:\/\/www.quintafinance.com\/\",\"logo\":{\"@type\":\"ImageObject\",\"inLanguage\":\"de\",\"@id\":\"https:\/\/www.quintafinance.com\/#\/schema\/logo\/image\/\",\"url\":\"https:\/\/www.quintafinance.com\/wp-content\/uploads\/2021\/06\/logo-sem-slogan-min.png\",\"contentUrl\":\"https:\/\/www.quintafinance.com\/wp-content\/uploads\/2021\/06\/logo-sem-slogan-min.png\",\"width\":512,\"height\":241,\"caption\":\"Quinta Finance\"},\"image\":{\"@id\":\"https:\/\/www.quintafinance.com\/#\/schema\/logo\/image\/\"}}]}<\/script>\n<!-- \/ Yoast SEO plugin. -->","yoast_head_json":{"title":"Key Question - Quinta Finance","description":"Im Laufe der Jahre haben wir Immobilienk\u00e4ufer aus der ganzen Welt unterst\u00fctzt \u2013 haupts\u00e4chlich Europ\u00e4er, Briten, Schweizer, Amerikaner und Kanadier.","robots":{"index":"index","follow":"follow","max-snippet":"max-snippet:-1","max-image-preview":"max-image-preview:large","max-video-preview":"max-video-preview:-1"},"canonical":"https:\/\/www.quintafinance.com\/de\/artikel\/key-question\/","og_locale":"de_DE","og_type":"article","og_title":"Key Question - Quinta Finance","og_description":"Im Laufe der Jahre haben wir Immobilienk\u00e4ufer aus der ganzen Welt unterst\u00fctzt \u2013 haupts\u00e4chlich Europ\u00e4er, Briten, Schweizer, Amerikaner und Kanadier.","og_url":"https:\/\/www.quintafinance.com\/de\/artikel\/key-question\/","og_site_name":"Quinta Finance","article_modified_time":"2023-10-04T11:41:50+00:00","twitter_card":"summary_large_image","twitter_misc":{"Gesch\u00e4tzte Lesezeit":"2\u00a0Minuten"},"schema":{"@context":"https:\/\/schema.org","@graph":[{"@type":"WebPage","@id":"https:\/\/www.quintafinance.com\/de\/artikel\/key-question\/","url":"https:\/\/www.quintafinance.com\/de\/artikel\/key-question\/","name":"Key Question - Quinta Finance","isPartOf":{"@id":"https:\/\/www.quintafinance.com\/#website"},"datePublished":"2021-05-18T15:52:13+00:00","dateModified":"2023-10-04T11:41:50+00:00","description":"Im Laufe der Jahre haben wir Immobilienk\u00e4ufer aus der ganzen Welt unterst\u00fctzt \u2013 haupts\u00e4chlich Europ\u00e4er, Briten, Schweizer, Amerikaner und Kanadier.","breadcrumb":{"@id":"https:\/\/www.quintafinance.com\/de\/artikel\/key-question\/#breadcrumb"},"inLanguage":"de","potentialAction":[{"@type":"ReadAction","target":["https:\/\/www.quintafinance.com\/de\/artikel\/key-question\/"]}]},{"@type":"BreadcrumbList","@id":"https:\/\/www.quintafinance.com\/de\/artikel\/key-question\/#breadcrumb","itemListElement":[{"@type":"ListItem","position":1,"name":"Home","item":"https:\/\/www.quintafinance.com\/de\/"},{"@type":"ListItem","position":2,"name":"Artikel","item":"https:\/\/www.quintafinance.com\/de\/artikel\/"},{"@type":"ListItem","position":3,"name":"Key Question"}]},{"@type":"WebSite","@id":"https:\/\/www.quintafinance.com\/#website","url":"https:\/\/www.quintafinance.com\/","name":"Quinta Finance","description":"Portugal Mortgage Solutions","publisher":{"@id":"https:\/\/www.quintafinance.com\/#organization"},"potentialAction":[{"@type":"SearchAction","target":{"@type":"EntryPoint","urlTemplate":"https:\/\/www.quintafinance.com\/?s={search_term_string}"},"query-input":{"@type":"PropertyValueSpecification","valueRequired":true,"valueName":"search_term_string"}}],"inLanguage":"de"},{"@type":"Organization","@id":"https:\/\/www.quintafinance.com\/#organization","name":"Quinta Finance","url":"https:\/\/www.quintafinance.com\/","logo":{"@type":"ImageObject","inLanguage":"de","@id":"https:\/\/www.quintafinance.com\/#\/schema\/logo\/image\/","url":"https:\/\/www.quintafinance.com\/wp-content\/uploads\/2021\/06\/logo-sem-slogan-min.png","contentUrl":"https:\/\/www.quintafinance.com\/wp-content\/uploads\/2021\/06\/logo-sem-slogan-min.png","width":512,"height":241,"caption":"Quinta Finance"},"image":{"@id":"https:\/\/www.quintafinance.com\/#\/schema\/logo\/image\/"}}]}},"_links":{"self":[{"href":"https:\/\/www.quintafinance.com\/de\/wp-json\/wp\/v2\/pages\/3127","targetHints":{"allow":["GET"]}}],"collection":[{"href":"https:\/\/www.quintafinance.com\/de\/wp-json\/wp\/v2\/pages"}],"about":[{"href":"https:\/\/www.quintafinance.com\/de\/wp-json\/wp\/v2\/types\/page"}],"author":[{"embeddable":true,"href":"https:\/\/www.quintafinance.com\/de\/wp-json\/wp\/v2\/users\/1"}],"replies":[{"embeddable":true,"href":"https:\/\/www.quintafinance.com\/de\/wp-json\/wp\/v2\/comments?post=3127"}],"version-history":[{"count":8,"href":"https:\/\/www.quintafinance.com\/de\/wp-json\/wp\/v2\/pages\/3127\/revisions"}],"predecessor-version":[{"id":3353,"href":"https:\/\/www.quintafinance.com\/de\/wp-json\/wp\/v2\/pages\/3127\/revisions\/3353"}],"up":[{"embeddable":true,"href":"https:\/\/www.quintafinance.com\/de\/wp-json\/wp\/v2\/pages\/3091"}],"wp:attachment":[{"href":"https:\/\/www.quintafinance.com\/de\/wp-json\/wp\/v2\/media?parent=3127"}],"curies":[{"name":"wp","href":"https:\/\/api.w.org\/{rel}","templated":true}]}}