{"id":3113,"date":"2023-03-29T15:47:01","date_gmt":"2023-03-29T15:47:01","guid":{"rendered":"https:\/\/www.quintafinance.com\/aviso-legal\/"},"modified":"2023-09-20T17:32:33","modified_gmt":"2023-09-20T17:32:33","slug":"aviso-legal","status":"publish","type":"page","link":"https:\/\/www.quintafinance.com\/de\/aviso-legal\/","title":{"rendered":"Aviso Legal"},"content":{"rendered":"\t\t<div data-elementor-type=\"wp-page\" data-elementor-id=\"3113\" class=\"elementor elementor-3113 elementor-2056\" data-elementor-post-type=\"page\">\n\t\t\t\t\t\t<section class=\"elementor-section elementor-top-section elementor-element elementor-element-768b686 elementor-section-boxed elementor-section-height-default elementor-section-height-default\" data-id=\"768b686\" data-element_type=\"section\" data-e-type=\"section\" data-settings=\"{&quot;jet_parallax_layout_list&quot;:[{&quot;jet_parallax_layout_image&quot;:{&quot;url&quot;:&quot;&quot;,&quot;id&quot;:&quot;&quot;,&quot;size&quot;:&quot;&quot;},&quot;_id&quot;:&quot;bd17729&quot;,&quot;jet_parallax_layout_speed&quot;:{&quot;unit&quot;:&quot;%&quot;,&quot;size&quot;:&quot;50&quot;,&quot;sizes&quot;:[]},&quot;jet_parallax_layout_bg_x&quot;:&quot;50&quot;,&quot;jet_parallax_layout_bg_y&quot;:&quot;50&quot;,&quot;jet_parallax_layout_image_tablet&quot;:{&quot;url&quot;:&quot;&quot;,&quot;id&quot;:&quot;&quot;,&quot;size&quot;:&quot;&quot;},&quot;jet_parallax_layout_image_mobile&quot;:{&quot;url&quot;:&quot;&quot;,&quot;id&quot;:&quot;&quot;,&quot;size&quot;:&quot;&quot;},&quot;jet_parallax_layout_type&quot;:&quot;scroll&quot;,&quot;jet_parallax_layout_direction&quot;:&quot;1&quot;,&quot;jet_parallax_layout_fx_direction&quot;:null,&quot;jet_parallax_layout_z_index&quot;:&quot;&quot;,&quot;jet_parallax_layout_bg_x_tablet&quot;:&quot;&quot;,&quot;jet_parallax_layout_bg_x_mobile&quot;:&quot;&quot;,&quot;jet_parallax_layout_bg_y_tablet&quot;:&quot;&quot;,&quot;jet_parallax_layout_bg_y_mobile&quot;:&quot;&quot;,&quot;jet_parallax_layout_bg_size&quot;:&quot;auto&quot;,&quot;jet_parallax_layout_bg_size_tablet&quot;:&quot;&quot;,&quot;jet_parallax_layout_bg_size_mobile&quot;:&quot;&quot;,&quot;jet_parallax_layout_animation_prop&quot;:&quot;transform&quot;,&quot;jet_parallax_layout_on&quot;:[&quot;desktop&quot;,&quot;tablet&quot;]}],&quot;background_background&quot;:&quot;classic&quot;}\">\n\t\t\t\t\t\t\t<div class=\"elementor-background-overlay\"><\/div>\n\t\t\t\t\t\t\t<div class=\"elementor-container elementor-column-gap-no\">\n\t\t\t\t\t<div class=\"elementor-column elementor-col-50 elementor-top-column elementor-element elementor-element-6318704\" data-id=\"6318704\" data-element_type=\"column\" data-e-type=\"column\">\n\t\t\t<div class=\"elementor-widget-wrap elementor-element-populated\">\n\t\t\t\t\t\t<div class=\"elementor-element elementor-element-98f17d1 elementor-widget elementor-widget-heading\" data-id=\"98f17d1\" data-element_type=\"widget\" data-e-type=\"widget\" data-widget_type=\"heading.default\">\n\t\t\t\t<div class=\"elementor-widget-container\">\n\t\t\t\t\t<h1 class=\"elementor-heading-title elementor-size-default\">Aviso Legal<\/h1>\t\t\t\t<\/div>\n\t\t\t\t<\/div>\n\t\t\t\t\t<\/div>\n\t\t<\/div>\n\t\t\t\t<div class=\"elementor-column elementor-col-50 elementor-top-column elementor-element elementor-element-9108a10\" data-id=\"9108a10\" data-element_type=\"column\" data-e-type=\"column\">\n\t\t\t<div class=\"elementor-widget-wrap\">\n\t\t\t\t\t\t\t<\/div>\n\t\t<\/div>\n\t\t\t\t\t<\/div>\n\t\t<\/section>\n\t\t\t\t<section class=\"elementor-section elementor-top-section elementor-element elementor-element-74ee663 elementor-section-boxed elementor-section-height-default elementor-section-height-default\" data-id=\"74ee663\" data-element_type=\"section\" data-e-type=\"section\" data-settings=\"{&quot;jet_parallax_layout_list&quot;:[{&quot;_id&quot;:&quot;b794500&quot;,&quot;jet_parallax_layout_speed&quot;:{&quot;unit&quot;:&quot;%&quot;,&quot;size&quot;:&quot;50&quot;,&quot;sizes&quot;:[]},&quot;jet_parallax_layout_type&quot;:&quot;none&quot;,&quot;jet_parallax_layout_bg_x&quot;:&quot;83&quot;,&quot;jet_parallax_layout_bg_y&quot;:&quot;45&quot;,&quot;jet_parallax_layout_image&quot;:{&quot;url&quot;:&quot;&quot;,&quot;id&quot;:&quot;&quot;,&quot;size&quot;:&quot;&quot;},&quot;jet_parallax_layout_image_tablet&quot;:{&quot;url&quot;:&quot;&quot;,&quot;id&quot;:&quot;&quot;,&quot;size&quot;:&quot;&quot;},&quot;jet_parallax_layout_image_mobile&quot;:{&quot;url&quot;:&quot;&quot;,&quot;id&quot;:&quot;&quot;,&quot;size&quot;:&quot;&quot;},&quot;jet_parallax_layout_direction&quot;:null,&quot;jet_parallax_layout_fx_direction&quot;:null,&quot;jet_parallax_layout_z_index&quot;:&quot;&quot;,&quot;jet_parallax_layout_bg_x_tablet&quot;:&quot;&quot;,&quot;jet_parallax_layout_bg_x_mobile&quot;:&quot;&quot;,&quot;jet_parallax_layout_bg_y_tablet&quot;:&quot;&quot;,&quot;jet_parallax_layout_bg_y_mobile&quot;:&quot;&quot;,&quot;jet_parallax_layout_bg_size&quot;:&quot;auto&quot;,&quot;jet_parallax_layout_bg_size_tablet&quot;:&quot;&quot;,&quot;jet_parallax_layout_bg_size_mobile&quot;:&quot;&quot;,&quot;jet_parallax_layout_animation_prop&quot;:null,&quot;jet_parallax_layout_on&quot;:[&quot;desktop&quot;,&quot;tablet&quot;]}],&quot;background_background&quot;:&quot;classic&quot;}\">\n\t\t\t\t\t\t<div class=\"elementor-container elementor-column-gap-no\">\n\t\t\t\t\t<div class=\"elementor-column elementor-col-100 elementor-top-column elementor-element elementor-element-36da6b6\" data-id=\"36da6b6\" data-element_type=\"column\" data-e-type=\"column\">\n\t\t\t<div class=\"elementor-widget-wrap elementor-element-populated\">\n\t\t\t\t\t\t<div class=\"elementor-element elementor-element-d643e12 elementor-widget elementor-widget-text-editor\" data-id=\"d643e12\" data-element_type=\"widget\" data-e-type=\"widget\" data-widget_type=\"text-editor.default\">\n\t\t\t\t<div class=\"elementor-widget-container\">\n\t\t\t\t\t\t\t\t\t<p>Deveres de Informa\u00e7\u00e3o (DL 81-C\/2017 de 7 Julho)<\/p>\n<p>A Stellina Enterprises Lda, NIPC 514 317 051, sede social em Sitio da Arroteia, Apartado 41, 8100-070 Boliqueime, Portugal, encontra-se registada no Banco de Portugal e exerce a atividade de Intermedia\u00e7\u00e3o de Cr\u00e9dito de acordo com os requisitos estabelecidos pelo Decreto \u2013 Lei 81-C\/2017 de 7 de Julho.<\/p>\n<p>Para verifica\u00e7\u00e3o do registo junto do Banco de Portugal clique no link seguinte: <a href=\"https:\/\/www.bportugal.pt\/intermediariocreditofar\/stellina-enterprises-lda\" target=\"_blank\" rel=\"noopener\">https:\/\/www.bportugal.pt\/intermediariocreditofar\/stellina-enterprises-lda<\/a><\/p>\n<p>Contactos:<br \/>E -mail: info@quintafinance.com<br \/>Telefone: +351 289 369 058<\/p>\n<p>N\u00famero de Registo no Banco de Portugal: <a href=\"https:\/\/www.bportugal.pt\/intermediariocreditofar\/stellina-enterprises-lda\" target=\"_blank\" rel=\"noopener\">0001431<\/a><\/p>\n<p>Servi\u00e7os de Intermedia\u00e7\u00e3o de Cr\u00e9dito autorizados pelo Banco de Portugal Servi\u00e7os relacionados com Cr\u00e9dito Hipotec\u00e1rio:<br \/>\u2013 Apresenta\u00e7\u00e3o ou proposta de contratos de cr\u00e9dito a consumidores<\/p>\n<p>\u2013 Assist\u00eancia a consumidores, mediante a realiza\u00e7\u00e3o de atos preparat\u00f3rios ou de outros trabalhos de gest\u00e3o pr\u00e9-contratual relativamente a contratos de cr\u00e9dito que n\u00e3o tenham sido por si apresentados ou propostos<\/p>\n<p>\u2013 Servi\u00e7os de consultoria<\/p>\n<p>Categoria de Intermedi\u00e1rio de Cr\u00e9dito: Intermedi\u00e1rio de Cr\u00e9dito Vinculado<\/p>\n<p>Mutuantes com quem tem contrato de vincula\u00e7\u00e3o:<br \/>Banco BPI, SA; Banco Santander Totta, SA; Union de Cr\u00e9ditos Inmobiliarios, SA, Establecimiento Financiero de Credito (Sociedad Unipersonal) \u2013 Sucursal em Portugal<\/p>\n<p>Identidade da entidade que garante a responsabilidade civil pela atividade de cr\u00e9dito hipotec\u00e1rio: Fidelidade \u2013 Companhia de Seguros, S.A., n\u00famero ap\u00f3lice RC64034282, validade de 26\/09\/2019 ate 26\/09\/2020<\/p>\n<p>Stellina Enterprises Lda n\u00e3o poder\u00e1 receber quaisquer valores dos consumidores que se encontrem relacionados com a forma\u00e7\u00e3o, a execu\u00e7\u00e3o e o cumprimento antecipado dos contratos de cr\u00e9dito, nos termos do art\u00ba 46 do regime jur\u00eddico dos intermedi\u00e1rios de cr\u00e9dito<\/p>\n<p>Stellina Enterprises Lda com a atividade de Intermedia\u00e7\u00e3o de Cr\u00e9dito est\u00e1 sujeita \u00e0 supervis\u00e3o do Banco de Portugal<\/p>\n<p>Centros de Resolu\u00e7\u00e3o de Conflitos: CNIACC &#8211; Centro Nacional de Informacao e Arbitragem de Conflitos de Consumo (<a href=\"http:\/\/www.cniacc.pt\/pt\" target=\"_blank\" rel=\"noopener\">www.cniacc.pt\/pt<\/a>) \/ CAUAL &#8211; Centro de Arbitragem (<a href=\"https:\/\/arbitragem.autonoma.pt\/\" target=\"_blank\" rel=\"noopener\">www.arbitragem.autonoma.pt<\/a>)<\/p>\n<p>Efectuar Reclama\u00e7\u00f5es: <a href=\"https:\/\/www.livroreclamacoes.pt\/inicio\" target=\"_blank\" rel=\"noopener\">www.livroreclamacoes.pt<\/a><\/p>\n\t\t\t\t\t\t\t\t<\/div>\n\t\t\t\t<\/div>\n\t\t\t\t\t<\/div>\n\t\t<\/div>\n\t\t\t\t\t<\/div>\n\t\t<\/section>\n\t\t\t\t<\/div>\n\t\t","protected":false},"excerpt":{"rendered":"<p>Deveres de Informa\u00e7\u00e3o (DL 81-C\/2017 de 7 Julho) A Stellina Enterprises Lda, NIPC 514 317 051, sede social em Sitio da Arroteia, Apartado 41, 8100-070 Boliqueime, Portugal, encontra-se registada no Banco de Portugal e exerce a atividade de Intermedia\u00e7\u00e3o de Cr\u00e9dito de acordo com os requisitos estabelecidos pelo Decreto \u2013 Lei 81-C\/2017 de 7 de [&hellip;]<\/p>\n","protected":false},"author":1,"featured_media":0,"parent":0,"menu_order":0,"comment_status":"closed","ping_status":"closed","template":"elementor_header_footer","meta":{"_acf_changed":false,"footnotes":""},"class_list":["post-3113","page","type-page","status-publish","hentry"],"acf":[],"yoast_head":"<!-- This site is optimized with the Yoast SEO plugin v26.9 - https:\/\/yoast.com\/product\/yoast-seo-wordpress\/ -->\n<title>Aviso Legal - Quinta Finance<\/title>\n<meta name=\"description\" content=\"A Stellina Enterprises Lda, sede social em Sitio da Arroteia, Apartado 41, 8100-070 Boliqueime, encontra-se registada no Banco de Portugal.\" \/>\n<meta name=\"robots\" content=\"index, follow, max-snippet:-1, max-image-preview:large, max-video-preview:-1\" \/>\n<link rel=\"canonical\" href=\"https:\/\/www.quintafinance.com\/de\/aviso-legal\/\" \/>\n<meta property=\"og:locale\" content=\"de_DE\" \/>\n<meta property=\"og:type\" content=\"article\" \/>\n<meta property=\"og:title\" content=\"Aviso Legal - Quinta Finance\" \/>\n<meta property=\"og:description\" content=\"A Stellina Enterprises Lda, sede social em Sitio da Arroteia, Apartado 41, 8100-070 Boliqueime, encontra-se registada no Banco de Portugal.\" \/>\n<meta property=\"og:url\" content=\"https:\/\/www.quintafinance.com\/de\/aviso-legal\/\" \/>\n<meta property=\"og:site_name\" content=\"Quinta Finance\" \/>\n<meta property=\"article:modified_time\" content=\"2023-09-20T17:32:33+00:00\" \/>\n<meta name=\"twitter:card\" content=\"summary_large_image\" \/>\n<meta name=\"twitter:label1\" content=\"Gesch\u00e4tzte Lesezeit\" \/>\n\t<meta name=\"twitter:data1\" content=\"2\u00a0Minuten\" \/>\n<script type=\"application\/ld+json\" class=\"yoast-schema-graph\">{\"@context\":\"https:\/\/schema.org\",\"@graph\":[{\"@type\":\"WebPage\",\"@id\":\"https:\/\/www.quintafinance.com\/de\/aviso-legal\/\",\"url\":\"https:\/\/www.quintafinance.com\/de\/aviso-legal\/\",\"name\":\"Aviso Legal - Quinta Finance\",\"isPartOf\":{\"@id\":\"https:\/\/www.quintafinance.com\/#website\"},\"datePublished\":\"2023-03-29T15:47:01+00:00\",\"dateModified\":\"2023-09-20T17:32:33+00:00\",\"description\":\"A Stellina Enterprises Lda, sede social em Sitio da Arroteia, Apartado 41, 8100-070 Boliqueime, encontra-se registada no Banco de Portugal.\",\"breadcrumb\":{\"@id\":\"https:\/\/www.quintafinance.com\/de\/aviso-legal\/#breadcrumb\"},\"inLanguage\":\"de\",\"potentialAction\":[{\"@type\":\"ReadAction\",\"target\":[\"https:\/\/www.quintafinance.com\/de\/aviso-legal\/\"]}]},{\"@type\":\"BreadcrumbList\",\"@id\":\"https:\/\/www.quintafinance.com\/de\/aviso-legal\/#breadcrumb\",\"itemListElement\":[{\"@type\":\"ListItem\",\"position\":1,\"name\":\"Home\",\"item\":\"https:\/\/www.quintafinance.com\/de\/\"},{\"@type\":\"ListItem\",\"position\":2,\"name\":\"Aviso Legal\"}]},{\"@type\":\"WebSite\",\"@id\":\"https:\/\/www.quintafinance.com\/#website\",\"url\":\"https:\/\/www.quintafinance.com\/\",\"name\":\"Quinta Finance\",\"description\":\"Portugal Mortgage Solutions\",\"publisher\":{\"@id\":\"https:\/\/www.quintafinance.com\/#organization\"},\"potentialAction\":[{\"@type\":\"SearchAction\",\"target\":{\"@type\":\"EntryPoint\",\"urlTemplate\":\"https:\/\/www.quintafinance.com\/?s={search_term_string}\"},\"query-input\":{\"@type\":\"PropertyValueSpecification\",\"valueRequired\":true,\"valueName\":\"search_term_string\"}}],\"inLanguage\":\"de\"},{\"@type\":\"Organization\",\"@id\":\"https:\/\/www.quintafinance.com\/#organization\",\"name\":\"Quinta Finance\",\"url\":\"https:\/\/www.quintafinance.com\/\",\"logo\":{\"@type\":\"ImageObject\",\"inLanguage\":\"de\",\"@id\":\"https:\/\/www.quintafinance.com\/#\/schema\/logo\/image\/\",\"url\":\"https:\/\/www.quintafinance.com\/wp-content\/uploads\/2021\/06\/logo-sem-slogan-min.png\",\"contentUrl\":\"https:\/\/www.quintafinance.com\/wp-content\/uploads\/2021\/06\/logo-sem-slogan-min.png\",\"width\":512,\"height\":241,\"caption\":\"Quinta Finance\"},\"image\":{\"@id\":\"https:\/\/www.quintafinance.com\/#\/schema\/logo\/image\/\"}}]}<\/script>\n<!-- \/ Yoast SEO plugin. -->","yoast_head_json":{"title":"Aviso Legal - Quinta Finance","description":"A Stellina Enterprises Lda, sede social em Sitio da Arroteia, Apartado 41, 8100-070 Boliqueime, encontra-se registada no Banco de Portugal.","robots":{"index":"index","follow":"follow","max-snippet":"max-snippet:-1","max-image-preview":"max-image-preview:large","max-video-preview":"max-video-preview:-1"},"canonical":"https:\/\/www.quintafinance.com\/de\/aviso-legal\/","og_locale":"de_DE","og_type":"article","og_title":"Aviso Legal - Quinta Finance","og_description":"A Stellina Enterprises Lda, sede social em Sitio da Arroteia, Apartado 41, 8100-070 Boliqueime, encontra-se registada no Banco de Portugal.","og_url":"https:\/\/www.quintafinance.com\/de\/aviso-legal\/","og_site_name":"Quinta Finance","article_modified_time":"2023-09-20T17:32:33+00:00","twitter_card":"summary_large_image","twitter_misc":{"Gesch\u00e4tzte Lesezeit":"2\u00a0Minuten"},"schema":{"@context":"https:\/\/schema.org","@graph":[{"@type":"WebPage","@id":"https:\/\/www.quintafinance.com\/de\/aviso-legal\/","url":"https:\/\/www.quintafinance.com\/de\/aviso-legal\/","name":"Aviso Legal - Quinta Finance","isPartOf":{"@id":"https:\/\/www.quintafinance.com\/#website"},"datePublished":"2023-03-29T15:47:01+00:00","dateModified":"2023-09-20T17:32:33+00:00","description":"A Stellina Enterprises Lda, sede social em Sitio da Arroteia, Apartado 41, 8100-070 Boliqueime, encontra-se registada no Banco de Portugal.","breadcrumb":{"@id":"https:\/\/www.quintafinance.com\/de\/aviso-legal\/#breadcrumb"},"inLanguage":"de","potentialAction":[{"@type":"ReadAction","target":["https:\/\/www.quintafinance.com\/de\/aviso-legal\/"]}]},{"@type":"BreadcrumbList","@id":"https:\/\/www.quintafinance.com\/de\/aviso-legal\/#breadcrumb","itemListElement":[{"@type":"ListItem","position":1,"name":"Home","item":"https:\/\/www.quintafinance.com\/de\/"},{"@type":"ListItem","position":2,"name":"Aviso Legal"}]},{"@type":"WebSite","@id":"https:\/\/www.quintafinance.com\/#website","url":"https:\/\/www.quintafinance.com\/","name":"Quinta Finance","description":"Portugal Mortgage Solutions","publisher":{"@id":"https:\/\/www.quintafinance.com\/#organization"},"potentialAction":[{"@type":"SearchAction","target":{"@type":"EntryPoint","urlTemplate":"https:\/\/www.quintafinance.com\/?s={search_term_string}"},"query-input":{"@type":"PropertyValueSpecification","valueRequired":true,"valueName":"search_term_string"}}],"inLanguage":"de"},{"@type":"Organization","@id":"https:\/\/www.quintafinance.com\/#organization","name":"Quinta Finance","url":"https:\/\/www.quintafinance.com\/","logo":{"@type":"ImageObject","inLanguage":"de","@id":"https:\/\/www.quintafinance.com\/#\/schema\/logo\/image\/","url":"https:\/\/www.quintafinance.com\/wp-content\/uploads\/2021\/06\/logo-sem-slogan-min.png","contentUrl":"https:\/\/www.quintafinance.com\/wp-content\/uploads\/2021\/06\/logo-sem-slogan-min.png","width":512,"height":241,"caption":"Quinta Finance"},"image":{"@id":"https:\/\/www.quintafinance.com\/#\/schema\/logo\/image\/"}}]}},"_links":{"self":[{"href":"https:\/\/www.quintafinance.com\/de\/wp-json\/wp\/v2\/pages\/3113","targetHints":{"allow":["GET"]}}],"collection":[{"href":"https:\/\/www.quintafinance.com\/de\/wp-json\/wp\/v2\/pages"}],"about":[{"href":"https:\/\/www.quintafinance.com\/de\/wp-json\/wp\/v2\/types\/page"}],"author":[{"embeddable":true,"href":"https:\/\/www.quintafinance.com\/de\/wp-json\/wp\/v2\/users\/1"}],"replies":[{"embeddable":true,"href":"https:\/\/www.quintafinance.com\/de\/wp-json\/wp\/v2\/comments?post=3113"}],"version-history":[{"count":1,"href":"https:\/\/www.quintafinance.com\/de\/wp-json\/wp\/v2\/pages\/3113\/revisions"}],"predecessor-version":[{"id":3114,"href":"https:\/\/www.quintafinance.com\/de\/wp-json\/wp\/v2\/pages\/3113\/revisions\/3114"}],"wp:attachment":[{"href":"https:\/\/www.quintafinance.com\/de\/wp-json\/wp\/v2\/media?parent=3113"}],"curies":[{"name":"wp","href":"https:\/\/api.w.org\/{rel}","templated":true}]}}